{"id":19033,"date":"2016-02-29T14:38:56","date_gmt":"2016-02-29T13:38:56","guid":{"rendered":"http:\/\/realestate.vamar.me\/specijalne-lux-nekretnine\/"},"modified":"2022-05-11T14:44:05","modified_gmt":"2022-05-11T12:44:05","slug":"specijalne-lux-nekretnine","status":"publish","type":"page","link":"https:\/\/realestate.vamar.me\/me\/specijalne-lux-nekretnine\/","title":{"rendered":"Specijalni projekti"},"content":{"rendered":"\t\t<div data-elementor-type=\"wp-page\" data-elementor-id=\"19033\" class=\"elementor elementor-19033\">\n\t\t\t\t\t\t\t\t\t<section class=\"elementor-section elementor-top-section elementor-element elementor-element-00fd952 elementor-section-boxed elementor-section-height-default elementor-section-height-default\" data-id=\"00fd952\" data-element_type=\"section\">\n\t\t\t\t\t\t<div class=\"elementor-container elementor-column-gap-wide\">\n\t\t\t\t\t<div class=\"elementor-column elementor-col-50 elementor-top-column elementor-element elementor-element-7e8847c\" data-id=\"7e8847c\" data-element_type=\"column\">\n\t\t\t<div class=\"elementor-widget-wrap elementor-element-populated\">\n\t\t\t\t\t\t\t\t<div class=\"elementor-element elementor-element-22a21d9 elementor-widget elementor-widget-text-editor\" data-id=\"22a21d9\" data-element_type=\"widget\" data-widget_type=\"text-editor.default\">\n\t\t\t\t<div class=\"elementor-widget-container\">\n\t\t\t<style>\/*! elementor - v3.8.1 - 13-11-2022 *\/\n.elementor-widget-text-editor.elementor-drop-cap-view-stacked .elementor-drop-cap{background-color:#818a91;color:#fff}.elementor-widget-text-editor.elementor-drop-cap-view-framed .elementor-drop-cap{color:#818a91;border:3px solid;background-color:transparent}.elementor-widget-text-editor:not(.elementor-drop-cap-view-default) .elementor-drop-cap{margin-top:8px}.elementor-widget-text-editor:not(.elementor-drop-cap-view-default) .elementor-drop-cap-letter{width:1em;height:1em}.elementor-widget-text-editor .elementor-drop-cap{float:left;text-align:center;line-height:1;font-size:50px}.elementor-widget-text-editor .elementor-drop-cap-letter{display:inline-block}<\/style>\t\t\t\t<p>Vamar nekretnine raspola\u017eu sa zna\u010dajnim brojem velikih projekata na teritoriji Crne Gore, kako fabrika i fabri\u010dkih kompleksa, tako i zemlji\u0161ta gdje je mogu\u0107e graditi hotelske i turisti\u010dke komplekse i rizorte, te stambene, stambeno-poslovne zgrade i druge objekte.<\/p><p>Tako\u0111e u ponudi imamo vi\u0161e hotela i hotelskih kompleksa koji su za prodaju.<br \/>Raspola\u017eemo i odre\u0111enim brojem vila koje vlasnici ne \u017eele ogla\u0161avati javnim oglasima na poznate na\u010dine iz razumljivih razloga, \u0161to je slu\u010daj i sa naprijed pomenutim specijalnim projektima.<\/p><p>Mnogi od ovih projekata nude se i kao mogu\u0107nost zajedni\u010dke gradnje, ulaganja, joint venture aran\u017emana i sli\u010dno.<\/p><p>Vamar nekretnine su Va\u0161 profesionalan i pouzdan partner u bilo kom od ovih projekata, pa zbog toga ne oklijevajte da nas kontaktirate, ukoliko imate bilo kakvih interesovanja i potreba za specijalnim nekretninama i projektima na teritoriji Crne Gore.<\/p>\t\t\t\t\t\t<\/div>\n\t\t\t\t<\/div>\n\t\t\t\t\t<\/div>\n\t\t<\/div>\n\t\t\t\t<div class=\"elementor-column elementor-col-50 elementor-top-column elementor-element elementor-element-e58fd97\" data-id=\"e58fd97\" data-element_type=\"column\" data-settings=\"{&quot;background_background&quot;:&quot;classic&quot;}\">\n\t\t\t<div class=\"elementor-widget-wrap elementor-element-populated\">\n\t\t\t\t\t\t\t\t<div class=\"elementor-element elementor-element-e5c2c8f elementor-widget elementor-widget-spacer\" data-id=\"e5c2c8f\" data-element_type=\"widget\" data-widget_type=\"spacer.default\">\n\t\t\t\t<div class=\"elementor-widget-container\">\n\t\t\t<style>\/*! elementor - v3.8.1 - 13-11-2022 *\/\n.elementor-column .elementor-spacer-inner{height:var(--spacer-size)}.e-con{--container-widget-width:100%}.e-con-inner>.elementor-widget-spacer,.e-con>.elementor-widget-spacer{width:var(--container-widget-width,var(--spacer-size));-ms-flex-item-align:stretch;align-self:stretch;-ms-flex-negative:0;flex-shrink:0}.e-con-inner>.elementor-widget-spacer>.elementor-widget-container,.e-con-inner>.elementor-widget-spacer>.elementor-widget-container>.elementor-spacer,.e-con>.elementor-widget-spacer>.elementor-widget-container,.e-con>.elementor-widget-spacer>.elementor-widget-container>.elementor-spacer{height:100%}.e-con-inner>.elementor-widget-spacer>.elementor-widget-container>.elementor-spacer>.elementor-spacer-inner,.e-con>.elementor-widget-spacer>.elementor-widget-container>.elementor-spacer>.elementor-spacer-inner{height:var(--container-widget-height,var(--spacer-size))}<\/style>\t\t<div class=\"elementor-spacer\">\n\t\t\t<div class=\"elementor-spacer-inner\"><\/div>\n\t\t<\/div>\n\t\t\t\t<\/div>\n\t\t\t\t<\/div>\n\t\t\t\t\t<\/div>\n\t\t<\/div>\n\t\t\t\t\t\t\t<\/div>\n\t\t<\/section>\n\t\t\t\t\t\t\t<\/div>\n\t\t","protected":false},"excerpt":{"rendered":"<p>Vamar nekretnine raspola\u017eu sa zna\u010dajnim brojem velikih projekata na teritoriji Crne Gore, kako fabrika i fabri\u010dkih kompleksa, tako i zemlji\u0161ta gdje je mogu\u0107e graditi hotelske i turisti\u010dke komplekse i rizorte, te stambene, stambeno-poslovne zgrade i druge objekte. Tako\u0111e u ponudi imamo vi\u0161e hotela i hotelskih kompleksa koji su za prodaju.Raspola\u017eemo i odre\u0111enim brojem vila koje vlasnici ne \u017eele ogla\u0161avati javnim oglasima na poznate na\u010dine &#8230;<\/p>\n","protected":false},"author":1,"featured_media":0,"parent":0,"menu_order":0,"comment_status":"closed","ping_status":"closed","template":"elementor_theme","meta":{"footnotes":""},"class_list":["post-19033","page","type-page","status-publish","hentry"],"_links":{"self":[{"href":"https:\/\/realestate.vamar.me\/me\/wp-json\/wp\/v2\/pages\/19033","targetHints":{"allow":["GET"]}}],"collection":[{"href":"https:\/\/realestate.vamar.me\/me\/wp-json\/wp\/v2\/pages"}],"about":[{"href":"https:\/\/realestate.vamar.me\/me\/wp-json\/wp\/v2\/types\/page"}],"author":[{"embeddable":true,"href":"https:\/\/realestate.vamar.me\/me\/wp-json\/wp\/v2\/users\/1"}],"replies":[{"embeddable":true,"href":"https:\/\/realestate.vamar.me\/me\/wp-json\/wp\/v2\/comments?post=19033"}],"version-history":[{"count":14,"href":"https:\/\/realestate.vamar.me\/me\/wp-json\/wp\/v2\/pages\/19033\/revisions"}],"predecessor-version":[{"id":20130,"href":"https:\/\/realestate.vamar.me\/me\/wp-json\/wp\/v2\/pages\/19033\/revisions\/20130"}],"wp:attachment":[{"href":"https:\/\/realestate.vamar.me\/me\/wp-json\/wp\/v2\/media?parent=19033"}],"curies":[{"name":"wp","href":"https:\/\/api.w.org\/{rel}","templated":true}]}}